{"id":78,"date":"2021-02-25T12:45:43","date_gmt":"2021-02-25T12:45:43","guid":{"rendered":"https:\/\/16141729901356.sritis.lt\/?page_id=78"},"modified":"2025-08-27T18:06:27","modified_gmt":"2025-08-27T18:06:27","slug":"produktai","status":"publish","type":"page","link":"https:\/\/vaglita.lt\/index.php\/produktai\/","title":{"rendered":"Produktai"},"content":{"rendered":"\n<div class=\"wp-block-columns is-layout-flex wp-container-core-columns-is-layout-9d6595d7 wp-block-columns-is-layout-flex\">\n<div class=\"wp-block-column is-layout-flow wp-block-column-is-layout-flow\" style=\"flex-basis:33.33%\"><\/div>\n\n\n\n<div class=\"wp-block-column is-layout-flow wp-block-column-is-layout-flow\" style=\"flex-basis:66.66%\"><\/div>\n<\/div>\n\n\n\n<h4 class=\"wp-block-heading\"><strong>Esame oficial\u016bs atstovai<\/strong><\/h4>\n\n\n\n<div style=\"height:30px\" aria-hidden=\"true\" class=\"wp-block-spacer\"><\/div>\n\n\n\n<div class=\"wp-block-columns is-layout-flex wp-container-core-columns-is-layout-9d6595d7 wp-block-columns-is-layout-flex\">\n<div class=\"wp-block-column is-layout-flow wp-block-column-is-layout-flow\" style=\"flex-basis:33.33%\">\n<figure class=\"wp-block-gallery has-nested-images columns-default is-cropped wp-block-gallery-1 is-layout-flex wp-block-gallery-is-layout-flex\">\n<figure class=\"wp-block-image size-large\"><a href=\"https:\/\/www.botek.se\/en\/\"><img loading=\"lazy\" decoding=\"async\" width=\"421\" height=\"381\" data-id=\"142\" src=\"https:\/\/vaglita.lt\/wp-content\/uploads\/2021\/02\/botek.png\" alt=\"\" class=\"wp-image-142\" srcset=\"https:\/\/vaglita.lt\/wp-content\/uploads\/2021\/02\/botek.png 421w, https:\/\/vaglita.lt\/wp-content\/uploads\/2021\/02\/botek-300x271.png 300w\" sizes=\"auto, (max-width: 421px) 100vw, 421px\" \/><\/a><\/figure>\n<\/figure>\n<\/div>\n\n\n\n<div class=\"wp-block-column is-layout-flow wp-block-column-is-layout-flow\" style=\"flex-basis:66.66%\">\n<figure class=\"wp-block-gallery has-nested-images columns-default is-cropped wp-block-gallery-2 is-layout-flex wp-block-gallery-is-layout-flex\">\n<figure class=\"wp-block-image size-large\"><a href=\"https:\/\/www.botek.se\/en\/\"><img loading=\"lazy\" decoding=\"async\" width=\"399\" height=\"105\" data-id=\"151\" src=\"https:\/\/vaglita.lt\/wp-content\/uploads\/2021\/02\/botek-logo.png\" alt=\"\" class=\"wp-image-151\" srcset=\"https:\/\/vaglita.lt\/wp-content\/uploads\/2021\/02\/botek-logo.png 399w, https:\/\/vaglita.lt\/wp-content\/uploads\/2021\/02\/botek-logo-300x79.png 300w\" sizes=\"auto, (max-width: 399px) 100vw, 399px\" \/><\/a><\/figure>\n<\/figure>\n\n\n\n<p>\u2013 Mobilios sv\u0117rimo sistemos <\/p>\n\n\n\n<p>\u2013 Konteineri\u0173 identifikavimo ir apskaitos sistemos <\/p>\n\n\n\n<p>\u2013 Patikimumas ir ilgaam\u017ei\u0161kumas<\/p>\n<\/div>\n<\/div>\n\n\n\n<div style=\"height:50px\" aria-hidden=\"true\" class=\"wp-block-spacer\"><\/div>\n\n\n\n<div class=\"wp-block-columns is-layout-flex wp-container-core-columns-is-layout-9d6595d7 wp-block-columns-is-layout-flex\">\n<div class=\"wp-block-column is-layout-flow wp-block-column-is-layout-flow\" style=\"flex-basis:33.33%\">\n<figure class=\"wp-block-gallery has-nested-images columns-default is-cropped wp-block-gallery-3 is-layout-flex wp-block-gallery-is-layout-flex\">\n<figure class=\"wp-block-image size-large\"><a href=\"https:\/\/www.zoeller-kipper.de\/en\/\"><img loading=\"lazy\" decoding=\"async\" width=\"549\" height=\"383\" data-id=\"143\" src=\"https:\/\/vaglita.lt\/wp-content\/uploads\/2021\/02\/zoeller2.png\" alt=\"\" class=\"wp-image-143\" srcset=\"https:\/\/vaglita.lt\/wp-content\/uploads\/2021\/02\/zoeller2.png 549w, https:\/\/vaglita.lt\/wp-content\/uploads\/2021\/02\/zoeller2-300x209.png 300w\" sizes=\"auto, (max-width: 549px) 100vw, 549px\" \/><\/a><\/figure>\n<\/figure>\n<\/div>\n\n\n\n<div class=\"wp-block-column is-layout-flow wp-block-column-is-layout-flow\" style=\"flex-basis:66.66%\">\n<figure class=\"wp-block-gallery has-nested-images columns-default is-cropped wp-block-gallery-4 is-layout-flex wp-block-gallery-is-layout-flex\">\n<figure class=\"wp-block-image size-large\"><a href=\"https:\/\/www.zoeller-kipper.de\/en\/\"><img loading=\"lazy\" decoding=\"async\" width=\"242\" height=\"57\" data-id=\"148\" src=\"https:\/\/vaglita.lt\/wp-content\/uploads\/2021\/02\/zoeller-logo.png\" alt=\"\" class=\"wp-image-148\"\/><\/a><\/figure>\n<\/figure>\n\n\n\n<p>\u2013 Atliek\u0173 rinkimo automobiliai <\/p>\n\n\n\n<p>\u2013 Atsargin\u0117s dalys <\/p>\n\n\n\n<p>\u2013 Kokyb\u0117 ir patikimumas<\/p>\n<\/div>\n<\/div>\n\n\n\n<div class=\"wp-block-columns is-layout-flex wp-container-core-columns-is-layout-9d6595d7 wp-block-columns-is-layout-flex\">\n<div class=\"wp-block-column is-vertically-aligned-center is-layout-flow wp-block-column-is-layout-flow\" style=\"flex-basis:33.33%\"><div class=\"wp-block-image\">\n<figure class=\"aligncenter size-large\"><a href=\"https:\/\/www.faun.com\/en\/\"><img loading=\"lazy\" decoding=\"async\" width=\"1024\" height=\"637\" src=\"https:\/\/vaglita.lt\/wp-content\/uploads\/2023\/08\/Faun-sweeper-1024x637.png\" alt=\"\" class=\"wp-image-240\" srcset=\"https:\/\/vaglita.lt\/wp-content\/uploads\/2023\/08\/Faun-sweeper-1024x637.png 1024w, https:\/\/vaglita.lt\/wp-content\/uploads\/2023\/08\/Faun-sweeper-300x187.png 300w, https:\/\/vaglita.lt\/wp-content\/uploads\/2023\/08\/Faun-sweeper-768x477.png 768w, https:\/\/vaglita.lt\/wp-content\/uploads\/2023\/08\/Faun-sweeper-1536x955.png 1536w, https:\/\/vaglita.lt\/wp-content\/uploads\/2023\/08\/Faun-sweeper.png 1660w\" sizes=\"auto, (max-width: 1024px) 100vw, 1024px\" \/><\/a><\/figure>\n<\/div><\/div>\n\n\n\n<div class=\"wp-block-column is-layout-flow wp-block-column-is-layout-flow\" style=\"flex-basis:66.66%\"><div class=\"wp-block-image\">\n<figure class=\"alignleft size-large is-resized\"><a href=\"https:\/\/www.faun.com\/en\/\"><img loading=\"lazy\" decoding=\"async\" width=\"500\" height=\"300\" src=\"https:\/\/vaglita.lt\/wp-content\/uploads\/2025\/08\/faun-umwelttechnik-logo.png\" alt=\"\" class=\"wp-image-242\" style=\"width:488px;height:auto\" srcset=\"https:\/\/vaglita.lt\/wp-content\/uploads\/2025\/08\/faun-umwelttechnik-logo.png 500w, https:\/\/vaglita.lt\/wp-content\/uploads\/2025\/08\/faun-umwelttechnik-logo-300x180.png 300w\" sizes=\"auto, (max-width: 500px) 100vw, 500px\" \/><\/a><\/figure>\n<\/div><\/div>\n<\/div>\n\n\n\n<p class=\"has-text-align-center\">\u2013 Vakuuminiai \u0161lavimo automobiliai<\/p>\n\n\n\n<div style=\"height:50px\" aria-hidden=\"true\" class=\"wp-block-spacer\"><\/div>\n\n\n\n<h4 class=\"wp-block-heading\">Esame oficial\u016bs partneriai Lietuvoje<\/h4>\n\n\n\n<div style=\"height:30px\" aria-hidden=\"true\" class=\"wp-block-spacer\"><\/div>\n\n\n\n<div class=\"wp-block-columns is-layout-flex wp-container-core-columns-is-layout-9d6595d7 wp-block-columns-is-layout-flex\">\n<div class=\"wp-block-column is-layout-flow wp-block-column-is-layout-flow\" style=\"flex-basis:33.33%\">\n<figure class=\"wp-block-gallery has-nested-images columns-default is-cropped wp-block-gallery-5 is-layout-flex wp-block-gallery-is-layout-flex\">\n<figure class=\"wp-block-image size-large\"><a href=\"https:\/\/hiab.com\/en\"><img loading=\"lazy\" decoding=\"async\" width=\"448\" height=\"316\" data-id=\"144\" src=\"https:\/\/vaglita.lt\/wp-content\/uploads\/2021\/02\/hiab.png\" alt=\"\" class=\"wp-image-144\" srcset=\"https:\/\/vaglita.lt\/wp-content\/uploads\/2021\/02\/hiab.png 448w, https:\/\/vaglita.lt\/wp-content\/uploads\/2021\/02\/hiab-300x212.png 300w\" sizes=\"auto, (max-width: 448px) 100vw, 448px\" \/><\/a><\/figure>\n<\/figure>\n<\/div>\n\n\n\n<div class=\"wp-block-column is-layout-flow wp-block-column-is-layout-flow\" style=\"flex-basis:66.66%\">\n<figure class=\"wp-block-gallery has-nested-images columns-default is-cropped wp-block-gallery-6 is-layout-flex wp-block-gallery-is-layout-flex\">\n<figure class=\"wp-block-image size-large\"><a href=\"https:\/\/hiab.com\/en\"><img loading=\"lazy\" decoding=\"async\" width=\"809\" height=\"274\" data-id=\"153\" src=\"https:\/\/vaglita.lt\/wp-content\/uploads\/2021\/02\/hiab-logo.png\" alt=\"\" class=\"wp-image-153\" srcset=\"https:\/\/vaglita.lt\/wp-content\/uploads\/2021\/02\/hiab-logo.png 809w, https:\/\/vaglita.lt\/wp-content\/uploads\/2021\/02\/hiab-logo-300x102.png 300w, https:\/\/vaglita.lt\/wp-content\/uploads\/2021\/02\/hiab-logo-768x260.png 768w\" sizes=\"auto, (max-width: 809px) 100vw, 809px\" \/><\/a><\/figure>\n<\/figure>\n\n\n\n<p>\u2013 Hidrauliniai manipuliatoriai<br>\u2013 Atsargin\u0117s dalys<br>\u2013 Patikimumas ir galia<\/p>\n\n\n\n<p><\/p>\n<\/div>\n<\/div>\n\n\n\n<div style=\"height:50px\" aria-hidden=\"true\" class=\"wp-block-spacer\"><\/div>\n\n\n\n<div class=\"wp-block-columns is-layout-flex wp-container-core-columns-is-layout-9d6595d7 wp-block-columns-is-layout-flex\">\n<div class=\"wp-block-column is-layout-flow wp-block-column-is-layout-flow\" style=\"flex-basis:33.33%\">\n<figure class=\"wp-block-gallery aligncenter has-nested-images columns-default is-cropped wp-block-gallery-7 is-layout-flex wp-block-gallery-is-layout-flex\">\n<figure class=\"wp-block-image size-large\"><a href=\"https:\/\/www.hilltip.com\/en\/\"><img loading=\"lazy\" decoding=\"async\" width=\"490\" height=\"364\" data-id=\"67\" src=\"https:\/\/vaglita.lt\/wp-content\/uploads\/2021\/02\/sniegas.png\" alt=\"\" class=\"wp-image-67\" srcset=\"https:\/\/vaglita.lt\/wp-content\/uploads\/2021\/02\/sniegas.png 490w, https:\/\/vaglita.lt\/wp-content\/uploads\/2021\/02\/sniegas-300x223.png 300w\" sizes=\"auto, (max-width: 490px) 100vw, 490px\" \/><\/a><\/figure>\n<\/figure>\n<\/div>\n\n\n\n<div class=\"wp-block-column is-layout-flow wp-block-column-is-layout-flow\" style=\"flex-basis:66.66%\">\n<figure class=\"wp-block-gallery has-nested-images columns-default is-cropped wp-block-gallery-8 is-layout-flex wp-block-gallery-is-layout-flex\">\n<figure class=\"wp-block-image size-large\"><a href=\"https:\/\/www.hilltip.com\/en\/\"><img loading=\"lazy\" decoding=\"async\" width=\"801\" height=\"404\" data-id=\"154\" src=\"https:\/\/vaglita.lt\/wp-content\/uploads\/2021\/02\/hilltip-logo.png\" alt=\"\" class=\"wp-image-154\" srcset=\"https:\/\/vaglita.lt\/wp-content\/uploads\/2021\/02\/hilltip-logo.png 801w, https:\/\/vaglita.lt\/wp-content\/uploads\/2021\/02\/hilltip-logo-300x151.png 300w, https:\/\/vaglita.lt\/wp-content\/uploads\/2021\/02\/hilltip-logo-768x387.png 768w\" sizes=\"auto, (max-width: 801px) 100vw, 801px\" \/><\/a><\/figure>\n<\/figure>\n\n\n\n<p>\u2013 Sniego valymo \u012franga<br>\u2013 Druskos bartsymo \u012franga<br>\u2013 Patikimumas ir ilgaam\u017ei\u0161kumas<\/p>\n<\/div>\n<\/div>\n\n\n\n<div style=\"height:50px\" aria-hidden=\"true\" class=\"wp-block-spacer\"><\/div>\n\n\n\n<div class=\"wp-block-columns is-layout-flex wp-container-core-columns-is-layout-9d6595d7 wp-block-columns-is-layout-flex\">\n<div class=\"wp-block-column is-layout-flow wp-block-column-is-layout-flow\" style=\"flex-basis:33.33%\">\n<figure class=\"wp-block-gallery has-nested-images columns-default is-cropped wp-block-gallery-9 is-layout-flex wp-block-gallery-is-layout-flex\">\n<figure class=\"wp-block-image size-large\"><a href=\"https:\/\/www.cargofloor.com\/en\"><img loading=\"lazy\" decoding=\"async\" width=\"405\" height=\"276\" data-id=\"146\" src=\"https:\/\/vaglita.lt\/wp-content\/uploads\/2021\/02\/cargo-floor.png\" alt=\"\" class=\"wp-image-146\" srcset=\"https:\/\/vaglita.lt\/wp-content\/uploads\/2021\/02\/cargo-floor.png 405w, https:\/\/vaglita.lt\/wp-content\/uploads\/2021\/02\/cargo-floor-300x204.png 300w\" sizes=\"auto, (max-width: 405px) 100vw, 405px\" \/><\/a><\/figure>\n<\/figure>\n<\/div>\n\n\n\n<div class=\"wp-block-column is-layout-flow wp-block-column-is-layout-flow\" style=\"flex-basis:66.66%\">\n<figure class=\"wp-block-gallery has-nested-images columns-default is-cropped wp-block-gallery-10 is-layout-flex wp-block-gallery-is-layout-flex\">\n<figure class=\"wp-block-image size-large\"><a href=\"https:\/\/www.cargofloor.com\/en\"><img loading=\"lazy\" decoding=\"async\" width=\"395\" height=\"197\" data-id=\"155\" src=\"https:\/\/vaglita.lt\/wp-content\/uploads\/2021\/02\/cargo-floor-logo.png\" alt=\"\" class=\"wp-image-155\" srcset=\"https:\/\/vaglita.lt\/wp-content\/uploads\/2021\/02\/cargo-floor-logo.png 395w, https:\/\/vaglita.lt\/wp-content\/uploads\/2021\/02\/cargo-floor-logo-300x150.png 300w\" sizes=\"auto, (max-width: 395px) 100vw, 395px\" \/><\/a><\/figure>\n<\/figure>\n\n\n\n<p>\u2013 Judan\u010di\u0173 grind\u0173 gamintojas<br>\u2013 Kokyb\u0117 ir patvarumas<\/p>\n\n\n\n<p><\/p>\n<\/div>\n<\/div>\n","protected":false},"excerpt":{"rendered":"<p>Esame oficial\u016bs atstovai \u2013 Mobilios sv\u0117rimo sistemos \u2013 Konteineri\u0173 identifikavimo ir apskaitos sistemos \u2013 Patikimumas ir ilgaam\u017ei\u0161kumas \u2013 Atliek\u0173 rinkimo automobiliai \u2013 Atsargin\u0117s dalys \u2013 Kokyb\u0117 ir patikimumas \u2013 Vakuuminiai \u0161lavimo automobiliai Esame oficial\u016bs partneriai Lietuvoje \u2013 Hidrauliniai manipuliatoriai\u2013 Atsargin\u0117s dalys\u2013 Patikimumas ir galia \u2013 Sniego valymo \u012franga\u2013 Druskos bartsymo \u012franga\u2013 Patikimumas ir ilgaam\u017ei\u0161kumas \u2013 [&hellip;]<\/p>\n","protected":false},"author":1,"featured_media":0,"parent":0,"menu_order":0,"comment_status":"closed","ping_status":"closed","template":"","meta":{"footnotes":""},"class_list":["post-78","page","type-page","status-publish","hentry"],"_links":{"self":[{"href":"https:\/\/vaglita.lt\/index.php\/wp-json\/wp\/v2\/pages\/78","targetHints":{"allow":["GET"]}}],"collection":[{"href":"https:\/\/vaglita.lt\/index.php\/wp-json\/wp\/v2\/pages"}],"about":[{"href":"https:\/\/vaglita.lt\/index.php\/wp-json\/wp\/v2\/types\/page"}],"author":[{"embeddable":true,"href":"https:\/\/vaglita.lt\/index.php\/wp-json\/wp\/v2\/users\/1"}],"replies":[{"embeddable":true,"href":"https:\/\/vaglita.lt\/index.php\/wp-json\/wp\/v2\/comments?post=78"}],"version-history":[{"count":19,"href":"https:\/\/vaglita.lt\/index.php\/wp-json\/wp\/v2\/pages\/78\/revisions"}],"predecessor-version":[{"id":243,"href":"https:\/\/vaglita.lt\/index.php\/wp-json\/wp\/v2\/pages\/78\/revisions\/243"}],"wp:attachment":[{"href":"https:\/\/vaglita.lt\/index.php\/wp-json\/wp\/v2\/media?parent=78"}],"curies":[{"name":"wp","href":"https:\/\/api.w.org\/{rel}","templated":true}]}}