{"id":36,"date":"2021-02-25T09:33:32","date_gmt":"2021-02-25T09:33:32","guid":{"rendered":"https:\/\/16141729901356.sritis.lt\/?page_id=36"},"modified":"2021-05-26T08:14:52","modified_gmt":"2021-05-26T08:14:52","slug":"kontaktai","status":"publish","type":"page","link":"https:\/\/vaglita.lt\/index.php\/kontaktai\/","title":{"rendered":"Kontaktai"},"content":{"rendered":"\n<h4 class=\"wp-block-heading\">UAB &#8222;VAGlita&#8221;<\/h4>\n\n\n\n<div style=\"height:25px\" aria-hidden=\"true\" class=\"wp-block-spacer\"><\/div>\n\n\n\n<p>Kirtim\u0173 g. 59B, <\/p>\n\n\n\n<p>LT-02244 Vilnius<\/p>\n\n\n\n<div style=\"height:40px\" aria-hidden=\"true\" class=\"wp-block-spacer\"><\/div>\n\n\n\n<div class=\"wp-block-columns is-layout-flex wp-container-core-columns-is-layout-9d6595d7 wp-block-columns-is-layout-flex\">\n<div class=\"wp-block-column is-layout-flow wp-block-column-is-layout-flow\" style=\"flex-basis:33.33%\">\n<figure class=\"wp-block-image size-large is-resized\"><img loading=\"lazy\" decoding=\"async\" src=\"https:\/\/vaglita.lt\/wp-content\/uploads\/2021\/05\/servisas3.png\" alt=\"\" class=\"wp-image-217\" width=\"222\" height=\"170\" srcset=\"https:\/\/vaglita.lt\/wp-content\/uploads\/2021\/05\/servisas3.png 348w, https:\/\/vaglita.lt\/wp-content\/uploads\/2021\/05\/servisas3-300x231.png 300w\" sizes=\"auto, (max-width: 222px) 100vw, 222px\" \/><\/figure>\n<\/div>\n\n\n\n<div class=\"wp-block-column is-layout-flow wp-block-column-is-layout-flow\" style=\"flex-basis:66.66%\">\n<h4 class=\"wp-block-heading\">Servisas<\/h4>\n\n\n\n<div style=\"height:20px\" aria-hidden=\"true\" class=\"wp-block-spacer\"><\/div>\n\n\n\n<p><strong>Tel<\/strong>.:&nbsp;&nbsp; +370 5 2602515<br><strong>Mob<\/strong>.: +370 685 79799<br><strong>Faksas<\/strong>: +370 5 2602510<strong><br>El. pa\u0161tas<\/strong>: <a href=\"https:\/\/web.archive.org\/web\/20180830102754\/mailto:servisas@vaglita.lt\">servisas@remontis.lt<\/a><\/p>\n<\/div>\n<\/div>\n\n\n\n<div style=\"height:40px\" aria-hidden=\"true\" class=\"wp-block-spacer\"><\/div>\n\n\n\n<div class=\"wp-block-columns is-layout-flex wp-container-core-columns-is-layout-9d6595d7 wp-block-columns-is-layout-flex\">\n<div class=\"wp-block-column is-layout-flow wp-block-column-is-layout-flow\" style=\"flex-basis:33.33%\">\n<figure class=\"wp-block-image size-large is-resized\"><img loading=\"lazy\" decoding=\"async\" src=\"https:\/\/16141729901356.sritis.lt\/wp-content\/uploads\/2021\/02\/sniegas.png\" alt=\"\" class=\"wp-image-67\" width=\"180\" height=\"133\" srcset=\"https:\/\/vaglita.lt\/wp-content\/uploads\/2021\/02\/sniegas.png 490w, https:\/\/vaglita.lt\/wp-content\/uploads\/2021\/02\/sniegas-300x223.png 300w\" sizes=\"auto, (max-width: 180px) 100vw, 180px\" \/><\/figure>\n<\/div>\n\n\n\n<div class=\"wp-block-column is-layout-flow wp-block-column-is-layout-flow\" style=\"flex-basis:66.66%\">\n<h4 class=\"wp-block-heading\">Sniego peiliai ir barstytuvai<\/h4>\n\n\n\n<div style=\"height:20px\" aria-hidden=\"true\" class=\"wp-block-spacer\"><\/div>\n\n\n\n<p><strong>Mob<\/strong>.: +370 667 88777<\/p>\n<\/div>\n<\/div>\n\n\n\n<div style=\"height:21px\" aria-hidden=\"true\" class=\"wp-block-spacer\"><\/div>\n\n\n\n<p><\/p>\n\n\n\n<div class=\"wp-block-columns is-layout-flex wp-container-core-columns-is-layout-9d6595d7 wp-block-columns-is-layout-flex\">\n<div class=\"wp-block-column is-layout-flow wp-block-column-is-layout-flow\" style=\"flex-basis:33.33%\">\n<figure class=\"wp-block-image size-large is-resized\"><img loading=\"lazy\" decoding=\"async\" src=\"https:\/\/vaglita.lt\/wp-content\/uploads\/2021\/05\/999-1024x768.jpg\" alt=\"\" class=\"wp-image-229\" width=\"224\" height=\"167\" srcset=\"https:\/\/vaglita.lt\/wp-content\/uploads\/2021\/05\/999-1024x768.jpg 1024w, https:\/\/vaglita.lt\/wp-content\/uploads\/2021\/05\/999-300x225.jpg 300w, https:\/\/vaglita.lt\/wp-content\/uploads\/2021\/05\/999-768x576.jpg 768w, https:\/\/vaglita.lt\/wp-content\/uploads\/2021\/05\/999-1536x1152.jpg 1536w, https:\/\/vaglita.lt\/wp-content\/uploads\/2021\/05\/999.jpg 2048w\" sizes=\"auto, (max-width: 224px) 100vw, 224px\" \/><\/figure>\n<\/div>\n\n\n\n<div class=\"wp-block-column is-layout-flow wp-block-column-is-layout-flow\" style=\"flex-basis:66.66%\">\n<h4 class=\"wp-block-heading\">Automobili\u0173 pardavimas<\/h4>\n\n\n\n<p><br><strong>Mob<\/strong>.: +370 685 79194<strong><br>El. pa\u0161tas<\/strong>: <a href=\"mailto:audrius@vaglita.lt\">audrius@vaglita.lt<\/a><\/p>\n<\/div>\n<\/div>\n\n\n\n<div style=\"height:55px\" aria-hidden=\"true\" class=\"wp-block-spacer\"><\/div>\n\n\n\n<h4 class=\"wp-block-heading\">Kaip mus rasti<\/h4>\n\n\n\n<div style=\"height:35px\" aria-hidden=\"true\" class=\"wp-block-spacer\"><\/div>\n\n\n\n<figure class=\"wp-block-image size-large\"><a href=\"https:\/\/www.google.com\/maps\/place\/Kirtim%C5%B3+g.+59B,+Vilnius+02244\/@54.6146076,25.1544113,17z\/data=!3m1!4b1!4m5!3m4!1s0x46ddecbc302a3ca7:0xaf16a5a7afec48cc!8m2!3d54.6146045!4d25.1565999\"><img loading=\"lazy\" decoding=\"async\" width=\"1024\" height=\"480\" src=\"https:\/\/16141729901356.sritis.lt\/wp-content\/uploads\/2021\/02\/map-1024x480.png\" alt=\"\" class=\"wp-image-59\" srcset=\"https:\/\/vaglita.lt\/wp-content\/uploads\/2021\/02\/map-1024x480.png 1024w, https:\/\/vaglita.lt\/wp-content\/uploads\/2021\/02\/map-300x141.png 300w, https:\/\/vaglita.lt\/wp-content\/uploads\/2021\/02\/map-768x360.png 768w, https:\/\/vaglita.lt\/wp-content\/uploads\/2021\/02\/map.png 1305w\" sizes=\"auto, (max-width: 1024px) 100vw, 1024px\" \/><\/a><\/figure>\n","protected":false},"excerpt":{"rendered":"<p>UAB &#8222;VAGlita&#8221; Kirtim\u0173 g. 59B, LT-02244 Vilnius Servisas Tel.:&nbsp;&nbsp; +370 5 2602515Mob.: +370 685 79799Faksas: +370 5 2602510El. pa\u0161tas: servisas@remontis.lt Sniego peiliai ir barstytuvai Mob.: +370 667 88777 Automobili\u0173 pardavimas Mob.: +370 685 79194El. pa\u0161tas: audrius@vaglita.lt Kaip mus rasti<\/p>\n","protected":false},"author":1,"featured_media":0,"parent":0,"menu_order":0,"comment_status":"closed","ping_status":"closed","template":"","meta":{"footnotes":""},"class_list":["post-36","page","type-page","status-publish","hentry"],"_links":{"self":[{"href":"https:\/\/vaglita.lt\/index.php\/wp-json\/wp\/v2\/pages\/36","targetHints":{"allow":["GET"]}}],"collection":[{"href":"https:\/\/vaglita.lt\/index.php\/wp-json\/wp\/v2\/pages"}],"about":[{"href":"https:\/\/vaglita.lt\/index.php\/wp-json\/wp\/v2\/types\/page"}],"author":[{"embeddable":true,"href":"https:\/\/vaglita.lt\/index.php\/wp-json\/wp\/v2\/users\/1"}],"replies":[{"embeddable":true,"href":"https:\/\/vaglita.lt\/index.php\/wp-json\/wp\/v2\/comments?post=36"}],"version-history":[{"count":24,"href":"https:\/\/vaglita.lt\/index.php\/wp-json\/wp\/v2\/pages\/36\/revisions"}],"predecessor-version":[{"id":234,"href":"https:\/\/vaglita.lt\/index.php\/wp-json\/wp\/v2\/pages\/36\/revisions\/234"}],"wp:attachment":[{"href":"https:\/\/vaglita.lt\/index.php\/wp-json\/wp\/v2\/media?parent=36"}],"curies":[{"name":"wp","href":"https:\/\/api.w.org\/{rel}","templated":true}]}}