{"id":117,"date":"2021-02-25T13:01:14","date_gmt":"2021-02-25T13:01:14","guid":{"rendered":"https:\/\/16141729901356.sritis.lt\/?page_id=117"},"modified":"2023-08-25T07:49:20","modified_gmt":"2023-08-25T07:49:20","slug":"servisas-2","status":"publish","type":"page","link":"https:\/\/vaglita.lt\/index.php\/servisas-2\/","title":{"rendered":"Servisas"},"content":{"rendered":"\n<div class=\"wp-block-columns are-vertically-aligned-center is-layout-flex wp-container-core-columns-is-layout-9d6595d7 wp-block-columns-is-layout-flex\">\n<div class=\"wp-block-column is-vertically-aligned-center is-layout-flow wp-block-column-is-layout-flow\" style=\"flex-basis:33.33%\">\n<figure class=\"wp-block-gallery has-nested-images columns-default is-cropped wp-block-gallery-1 is-layout-flex wp-block-gallery-is-layout-flex\">\n<figure class=\"wp-block-image size-large\"><img loading=\"lazy\" decoding=\"async\" width=\"261\" height=\"51\" data-id=\"137\" src=\"https:\/\/vaglita.lt\/wp-content\/uploads\/2021\/02\/remontis.png\" alt=\"\" class=\"wp-image-137\"\/><\/figure>\n<\/figure>\n<\/div>\n\n\n\n<div class=\"wp-block-column is-vertically-aligned-center is-layout-flow wp-block-column-is-layout-flow\" style=\"flex-basis:66.66%\">\n<p><strong>Servisas<\/strong><\/p>\n<\/div>\n<\/div>\n\n\n\n<p>M\u016bs\u0173 servise atliekamas vis\u0173 tip\u0173 sunkiosios technikos remontas. Mes geriausi va\u017eiuokl\u0117s, stabd\u017ei\u0173, variklio, grei\u010di\u0173 d\u0117\u017ei\u0173 taip pat hidraulini\u0173 sistem\u0173 instaliavimo ir remonto srityse.<\/p>\n\n\n\n<p>Servise dirba mobilios remonto komandos ir kvalifikuoti darbuotojai. Teikiamas pilnas paslaug\u0173 spektas.<\/p>\n\n\n\n<p>Taikome lanks\u010di\u0105 kainodar\u0105.<\/p>\n\n\n\n<div style=\"height:50px\" aria-hidden=\"true\" class=\"wp-block-spacer\"><\/div>\n\n\n\n<h4 class=\"wp-block-heading\">Pagrindin\u0117s paslaugos:<\/h4>\n\n\n\n<ul class=\"wp-block-list\">\n<li><em>Va\u017eiuokl\u0117s diagnostika &#8211; remontas<\/em><\/li>\n\n\n\n<li><em>Variklio diagnostika &#8211; remontas<\/em><\/li>\n\n\n\n<li><em>Grei\u010di\u0173 d\u0117\u017e\u0117s diagnostika &#8211; remontas<\/em><\/li>\n\n\n\n<li><em>Kompiuterin\u0117 diagnostika<\/em><\/li>\n\n\n\n<li><em>Elektros \u012frangos diagnostika &#8211; remontas&nbsp;<\/em><\/li>\n\n\n\n<li><em>\u017dibint\u0173 reguliavimas<\/em><\/li>\n\n\n\n<li><em>Suvirinimo darbai<\/em><\/li>\n\n\n\n<li><em>Tekinimo, frezavimo darbai<\/em><\/li>\n\n\n\n<li><em>Padang\u0173 montavimas &#8211; balansavimas<\/em><\/li>\n\n\n\n<li><em>Rat\u0173 geometrijos nustatymas<\/em><\/li>\n\n\n\n<li><em>Hidraulini\u0173 sistem\u0173 diagnostika &#8211; remontas<\/em><\/li>\n\n\n\n<li><em>Hidraulini\u0173 \u017earn\u0173 gamyba &#8211; remontas<\/em><\/li>\n\n\n\n<li><em>Hidraulini\u0173 lift\u0173 remontas<\/em><\/li>\n\n\n\n<li><em>Oro sistemos diagnostika &#8211; remontas<\/em><\/li>\n\n\n\n<li><em>Kondicionieri\u0173 u\u017epildymas &#8211; remontas<\/em><\/li>\n\n\n\n<li><em>Autonomini\u0173 pe\u010diuk\u0173 diagnostika &#8211; remontas<\/em><\/li>\n\n\n\n<li><em>Alyvos keitimas<\/em><\/li>\n<\/ul>\n\n\n\n<div style=\"height:50px\" aria-hidden=\"true\" class=\"wp-block-spacer\"><\/div>\n","protected":false},"excerpt":{"rendered":"<p>Servisas M\u016bs\u0173 servise atliekamas vis\u0173 tip\u0173 sunkiosios technikos remontas. Mes geriausi va\u017eiuokl\u0117s, stabd\u017ei\u0173, variklio, grei\u010di\u0173 d\u0117\u017ei\u0173 taip pat hidraulini\u0173 sistem\u0173 instaliavimo ir remonto srityse. Servise dirba mobilios remonto komandos ir kvalifikuoti darbuotojai. Teikiamas pilnas paslaug\u0173 spektas. Taikome lanks\u010di\u0105 kainodar\u0105. Pagrindin\u0117s paslaugos:<\/p>\n","protected":false},"author":1,"featured_media":0,"parent":0,"menu_order":0,"comment_status":"closed","ping_status":"closed","template":"","meta":{"footnotes":""},"class_list":["post-117","page","type-page","status-publish","hentry"],"_links":{"self":[{"href":"https:\/\/vaglita.lt\/index.php\/wp-json\/wp\/v2\/pages\/117","targetHints":{"allow":["GET"]}}],"collection":[{"href":"https:\/\/vaglita.lt\/index.php\/wp-json\/wp\/v2\/pages"}],"about":[{"href":"https:\/\/vaglita.lt\/index.php\/wp-json\/wp\/v2\/types\/page"}],"author":[{"embeddable":true,"href":"https:\/\/vaglita.lt\/index.php\/wp-json\/wp\/v2\/users\/1"}],"replies":[{"embeddable":true,"href":"https:\/\/vaglita.lt\/index.php\/wp-json\/wp\/v2\/comments?post=117"}],"version-history":[{"count":14,"href":"https:\/\/vaglita.lt\/index.php\/wp-json\/wp\/v2\/pages\/117\/revisions"}],"predecessor-version":[{"id":238,"href":"https:\/\/vaglita.lt\/index.php\/wp-json\/wp\/v2\/pages\/117\/revisions\/238"}],"wp:attachment":[{"href":"https:\/\/vaglita.lt\/index.php\/wp-json\/wp\/v2\/media?parent=117"}],"curies":[{"name":"wp","href":"https:\/\/api.w.org\/{rel}","templated":true}]}}